{"id":30,"date":"2020-04-28T07:48:52","date_gmt":"2020-04-28T07:48:52","guid":{"rendered":"https:\/\/avocatstaicu.ro\/?page_id=30"},"modified":"2020-04-28T21:05:15","modified_gmt":"2020-04-28T21:05:15","slug":"servicii","status":"publish","type":"page","link":"https:\/\/avocatstaicu.ro\/hu\/servicii\/","title":{"rendered":"Servicii"},"content":{"rendered":"<ul><li><strong>Consultanta si asistenta juridica<\/strong><ul><li><em>Contracte civile&nbsp;<\/em><\/li><li><em>\u00cenfiin\u0163are, modific\u0103ri societ\u0103\u0163i<\/em><\/li><li><em>Dreptul societ\u0103\u0163ilor<\/em><\/li><li><em>Fuziuni\/Diviz\u0103ri<\/em><\/li><li><em>Achizi\u0163ii publice<\/em><\/li><li><em>Consultan\u021b\u0103, asisten\u0163a juridic\u0103 \u015fi reprezentare \u00een contencios administrativ \u015fi fiscal<\/em><\/li><li><em>Dreptul muncii<\/em><\/li><li><em>Asisten\u0163\u0103 \u00een cadrul procedurilor de insolven\u0163\u0103<\/em><br><\/li><\/ul><\/li><\/ul>\n\n\n\n<ul><li><strong>Registrul Na\u0163ional de Publicitate Mobiliar\u0103 (fostul A.E.G.R.M.)<\/strong><\/li><\/ul>\n\n\n\n<ul><li><strong>Mediere<\/strong><\/li><\/ul>\n\n\n\n<ul><li><strong>Protec\u0163ia datelor cu caracter personal (GDPR)<\/strong><\/li><\/ul>\n\n\n\n<p><\/p>","protected":false},"excerpt":{"rendered":"<p>Consultanta si asistenta juridica Contracte civile&nbsp; \u00cenfiin\u0163are, modific\u0103ri societ\u0103\u0163i Dreptul societ\u0103\u0163ilor Fuziuni\/Diviz\u0103ri Achizi\u0163ii publice Consultan\u021b\u0103, asisten\u0163a juridic\u0103 \u015fi reprezentare \u00een contencios administrativ \u015fi fiscal Dreptul muncii Asisten\u0163\u0103 \u00een cadrul procedurilor de insolven\u0163\u0103 Registrul Na\u0163ional de Publicitate Mobiliar\u0103 (fostul A.E.G.R.M.) Mediere Protec\u0163ia datelor cu caracter personal (GDPR)<\/p>","protected":false},"author":1,"featured_media":0,"parent":0,"menu_order":0,"comment_status":"closed","ping_status":"closed","template":"","meta":[],"_links":{"self":[{"href":"https:\/\/avocatstaicu.ro\/hu\/wp-json\/wp\/v2\/pages\/30"}],"collection":[{"href":"https:\/\/avocatstaicu.ro\/hu\/wp-json\/wp\/v2\/pages"}],"about":[{"href":"https:\/\/avocatstaicu.ro\/hu\/wp-json\/wp\/v2\/types\/page"}],"author":[{"embeddable":true,"href":"https:\/\/avocatstaicu.ro\/hu\/wp-json\/wp\/v2\/users\/1"}],"replies":[{"embeddable":true,"href":"https:\/\/avocatstaicu.ro\/hu\/wp-json\/wp\/v2\/comments?post=30"}],"version-history":[{"count":6,"href":"https:\/\/avocatstaicu.ro\/hu\/wp-json\/wp\/v2\/pages\/30\/revisions"}],"predecessor-version":[{"id":191,"href":"https:\/\/avocatstaicu.ro\/hu\/wp-json\/wp\/v2\/pages\/30\/revisions\/191"}],"wp:attachment":[{"href":"https:\/\/avocatstaicu.ro\/hu\/wp-json\/wp\/v2\/media?parent=30"}],"curies":[{"name":"wp","href":"https:\/\/api.w.org\/{rel}","templated":true}]}}