{"id":37,"date":"2020-04-28T07:49:35","date_gmt":"2020-04-28T07:49:35","guid":{"rendered":"https:\/\/avocatstaicu.ro\/?page_id=37"},"modified":"2020-05-26T19:58:54","modified_gmt":"2020-05-26T19:58:54","slug":"cariere","status":"publish","type":"page","link":"https:\/\/avocatstaicu.ro\/hu\/cariere\/","title":{"rendered":"Cariere"},"content":{"rendered":"<p><a href=\"mailto:secretariat@avocatstaicu.ro\">Trimite-ne CV-ul t\u0103u!!!<\/a><\/p>\n\n\n\n<p>Suntem \u00een permanent\u0103 c\u0103utare de oameni bine preg\u0103ti\u0163i profesional \u015fi dornici de afirmare, care doresc s\u0103 \u00eenve\u0163e \u015fi sunt \u00eendrepta\u0163i spre o dezvoltarea profesional\u0103 continu\u0103. Punem valoare pe partenerii no\u015ftri \u015fi recunoa\u015ftem nu doar importan\u0163a unui mediu de munc\u0103 plin de satisfac\u0163ii \u015fi recompensant dar \u015fi importan\u0163a dezvolt\u0103rii profesionale pe termen lung. Oferim membrilor echipelor noastre oportunitatea de a se dezvolta permanent \u015fi de a-\u015fi perfec\u0163iona competen\u0163ele pun\u00e2ndu-le la dispozi\u0163ie programe de training profesionale interne \u015fi externe.<\/p>\n\n\n\n<p>Noi iti oferim:<br><em>O pozi\u021bie interesant\u0103 \u00eentr-un mediu de munca stimulativ.<\/em><br><em>Suport \u00een dezvoltarea profesional\u0103 prin participarea la cursuri de preg\u0103tire locale \u0219i na\u021bionale.<\/em><br><em>Un pachet de remunerare competitiv, \u00een coresponden\u021b\u0103 cu motiva\u0163ia, cuno\u0219tin\u021bele \u0219i practica ta.<\/em><\/p>","protected":false},"excerpt":{"rendered":"<p>Trimite-ne CV-ul t\u0103u!!! Suntem \u00een permanent\u0103 c\u0103utare de oameni bine preg\u0103ti\u0163i profesional \u015fi dornici de afirmare, care doresc s\u0103 \u00eenve\u0163e \u015fi sunt \u00eendrepta\u0163i spre o dezvoltarea profesional\u0103 continu\u0103. Punem valoare pe partenerii no\u015ftri \u015fi recunoa\u015ftem nu doar importan\u0163a unui mediu de munc\u0103 plin de satisfac\u0163ii \u015fi recompensant dar \u015fi importan\u0163a dezvolt\u0103rii profesionale pe termen lung.&hellip;&nbsp;<a href=\"https:\/\/avocatstaicu.ro\/hu\/cariere\/\" class=\"\" rel=\"bookmark\">Read More &raquo;<span class=\"screen-reader-text\">Cariere<\/span><\/a><\/p>","protected":false},"author":1,"featured_media":0,"parent":0,"menu_order":0,"comment_status":"closed","ping_status":"closed","template":"","meta":[],"_links":{"self":[{"href":"https:\/\/avocatstaicu.ro\/hu\/wp-json\/wp\/v2\/pages\/37"}],"collection":[{"href":"https:\/\/avocatstaicu.ro\/hu\/wp-json\/wp\/v2\/pages"}],"about":[{"href":"https:\/\/avocatstaicu.ro\/hu\/wp-json\/wp\/v2\/types\/page"}],"author":[{"embeddable":true,"href":"https:\/\/avocatstaicu.ro\/hu\/wp-json\/wp\/v2\/users\/1"}],"replies":[{"embeddable":true,"href":"https:\/\/avocatstaicu.ro\/hu\/wp-json\/wp\/v2\/comments?post=37"}],"version-history":[{"count":6,"href":"https:\/\/avocatstaicu.ro\/hu\/wp-json\/wp\/v2\/pages\/37\/revisions"}],"predecessor-version":[{"id":240,"href":"https:\/\/avocatstaicu.ro\/hu\/wp-json\/wp\/v2\/pages\/37\/revisions\/240"}],"wp:attachment":[{"href":"https:\/\/avocatstaicu.ro\/hu\/wp-json\/wp\/v2\/media?parent=37"}],"curies":[{"name":"wp","href":"https:\/\/api.w.org\/{rel}","templated":true}]}}