{"id":50,"date":"2020-04-28T08:28:46","date_gmt":"2020-04-28T08:28:46","guid":{"rendered":"https:\/\/avocatstaicu.ro\/?page_id=50"},"modified":"2020-04-28T20:48:19","modified_gmt":"2020-04-28T20:48:19","slug":"consultanta-si-asistenta-juridica","status":"publish","type":"page","link":"https:\/\/avocatstaicu.ro\/hu\/consultanta-si-asistenta-juridica\/","title":{"rendered":"Consultanta si asistenta juridica"},"content":{"rendered":"<p>Profesioni\u015ftii no\u015ftri au experien\u0163a necesar\u0103 \u00een domeniul juridic \u00een vederea aplic\u0103rii legisla\u021biei \u0219i a reprezent\u0103rii clien\u0163ilor. Serviciile noastre se adreseaz\u0103: persoanelor juridice rom\u00e2ne \u0219i str\u0103ine, persoane fizice rezidente sau nerezidente, persoane fizice autorizate, reprezentan\u0163e, ONG-uri, sedii permanente, asocieri \u00eentre persoane, institu\u0163ii publice etc.&nbsp;<\/p>\n\n\n\n<p>Echipa noastr\u0103 este al\u0103turi de dumneavoastr\u0103 ca s\u0103 v\u0103 ajute s\u0103 \u00een\u021belege\u021bi \u0219i s\u0103 aplica\u021bi corect legisla\u021bia \u00een vigoare \u0219i s\u0103 v\u0103 preg\u0103ti\u0163i pentru schimb\u0103rile viitoare. Avem capacitatea \u015fi cuno\u015ftin\u0163ele necesare pentru a v\u0103 rezolva provoc\u0103rile cu care v\u0103 confrunta\u0163i \u0219i v\u0103 putem oferi asisten\u0163\u0103 proactiv\u0103 \u00een minimizarea riscurilor juridice.<\/p>\n\n\n\n<p>Prin experien\u021ba acumulat\u0103 \u015fi dinamismul echipei noastre r\u0103spundem cerin\u0163elor clien\u0163ilor no\u015ftri oferindu-le solu\u0163ii adaptate nevoilor individuale, precum \u015fi cerin\u021belor specifice \u0219i a\u0219tept\u0103rilor avute.<\/p>\n\n\n\n<p>Oferim servicii de consultan\u0163\u0103 juridic\u0103 \u015fi reprezentare \u00een domeniul dreptului civil, litigii profesioni\u015fti, administrativ, fiscal \u015fi procedur\u0103 fiscal\u0103.<\/p>","protected":false},"excerpt":{"rendered":"<p>Profesioni\u015ftii no\u015ftri au experien\u0163a necesar\u0103 \u00een domeniul juridic \u00een vederea aplic\u0103rii legisla\u021biei \u0219i a reprezent\u0103rii clien\u0163ilor. Serviciile noastre se adreseaz\u0103: persoanelor juridice rom\u00e2ne \u0219i str\u0103ine, persoane fizice rezidente sau nerezidente, persoane fizice autorizate, reprezentan\u0163e, ONG-uri, sedii permanente, asocieri \u00eentre persoane, institu\u0163ii publice etc.&nbsp; Echipa noastr\u0103 este al\u0103turi de dumneavoastr\u0103 ca s\u0103 v\u0103 ajute s\u0103 \u00een\u021belege\u021bi&hellip;&nbsp;<a href=\"https:\/\/avocatstaicu.ro\/hu\/consultanta-si-asistenta-juridica\/\" class=\"\" rel=\"bookmark\">Read More &raquo;<span class=\"screen-reader-text\">Consultanta si asistenta juridica<\/span><\/a><\/p>","protected":false},"author":1,"featured_media":0,"parent":0,"menu_order":0,"comment_status":"closed","ping_status":"closed","template":"","meta":[],"_links":{"self":[{"href":"https:\/\/avocatstaicu.ro\/hu\/wp-json\/wp\/v2\/pages\/50"}],"collection":[{"href":"https:\/\/avocatstaicu.ro\/hu\/wp-json\/wp\/v2\/pages"}],"about":[{"href":"https:\/\/avocatstaicu.ro\/hu\/wp-json\/wp\/v2\/types\/page"}],"author":[{"embeddable":true,"href":"https:\/\/avocatstaicu.ro\/hu\/wp-json\/wp\/v2\/users\/1"}],"replies":[{"embeddable":true,"href":"https:\/\/avocatstaicu.ro\/hu\/wp-json\/wp\/v2\/comments?post=50"}],"version-history":[{"count":2,"href":"https:\/\/avocatstaicu.ro\/hu\/wp-json\/wp\/v2\/pages\/50\/revisions"}],"predecessor-version":[{"id":182,"href":"https:\/\/avocatstaicu.ro\/hu\/wp-json\/wp\/v2\/pages\/50\/revisions\/182"}],"wp:attachment":[{"href":"https:\/\/avocatstaicu.ro\/hu\/wp-json\/wp\/v2\/media?parent=50"}],"curies":[{"name":"wp","href":"https:\/\/api.w.org\/{rel}","templated":true}]}}