{"id":52,"date":"2020-04-28T08:29:06","date_gmt":"2020-04-28T08:29:06","guid":{"rendered":"https:\/\/avocatstaicu.ro\/?page_id=52"},"modified":"2020-05-05T19:29:26","modified_gmt":"2020-05-05T19:29:26","slug":"contracte-civile","status":"publish","type":"page","link":"https:\/\/avocatstaicu.ro\/hu\/contracte-civile\/","title":{"rendered":"Contracte civile"},"content":{"rendered":"<p>Oferim consultan\u0163\u0103 \u015fi asisten\u0163\u0103 juridic\u0103 cu privire la: conceperea, negocierea, \u00eentocmirea \u0219i revizuirea contractelor \u00een materie civil\u0103: contracte de v\u00e2nzare-cump\u0103rare, de \u00eenchiriere, leasing, distribu\u021bie, sponsorizare, parteneriat, asociere \u00een participa\u0163iune, franciz\u0103, \u00eemprumut, credit, mandat, agen\u021bie, cesiune, construc\u021bie, \u00eentre\u021binere, garan\u0163ie, ipotec\u0103, garan\u021bii suplimentare de toate tipurile, asigur\u0103ri, publicitate, precum \u015fi a altor contracte nenumite de Codul civil.<\/p>\n\n\n\n<p>Profesioni\u015ftii no\u015ftri au o \u00eendelungat\u0103 experien\u0163\u0103 \u00een elaborarea contractelor civile \u015fi comerciale, oferindu-le clien\u0163ilor no\u015ftri servicii de redactare, analiz\u0103, modific\u0103ri contracte.&nbsp;<\/p>\n\n\n\n<p>Suntem specializati \u00een oferirea de servicii de analiz\u0103 din punct de vedere juridic a contractelor aflate in derulare care necesita unele modific\u0103ri sau cu privire la contractele pe care clien\u021bii no\u0219tri doresc sa le \u00eencheie cu terte persoane. Oferim reprezentare \u015fi asisten\u0163\u0103 juridic\u0103 a clien\u0163ilor \u00een cadrul negocierilor, respectiv a \u00eencheierii contractelor.&nbsp;<\/p>","protected":false},"excerpt":{"rendered":"<p>Oferim consultan\u0163\u0103 \u015fi asisten\u0163\u0103 juridic\u0103 cu privire la: conceperea, negocierea, \u00eentocmirea \u0219i revizuirea contractelor \u00een materie civil\u0103: contracte de v\u00e2nzare-cump\u0103rare, de \u00eenchiriere, leasing, distribu\u021bie, sponsorizare, parteneriat, asociere \u00een participa\u0163iune, franciz\u0103, \u00eemprumut, credit, mandat, agen\u021bie, cesiune, construc\u021bie, \u00eentre\u021binere, garan\u0163ie, ipotec\u0103, garan\u021bii suplimentare de toate tipurile, asigur\u0103ri, publicitate, precum \u015fi a altor contracte nenumite de Codul civil.&hellip;&nbsp;<a href=\"https:\/\/avocatstaicu.ro\/hu\/contracte-civile\/\" class=\"\" rel=\"bookmark\">Read More &raquo;<span class=\"screen-reader-text\">Contracte civile<\/span><\/a><\/p>","protected":false},"author":1,"featured_media":93,"parent":0,"menu_order":0,"comment_status":"closed","ping_status":"closed","template":"","meta":[],"_links":{"self":[{"href":"https:\/\/avocatstaicu.ro\/hu\/wp-json\/wp\/v2\/pages\/52"}],"collection":[{"href":"https:\/\/avocatstaicu.ro\/hu\/wp-json\/wp\/v2\/pages"}],"about":[{"href":"https:\/\/avocatstaicu.ro\/hu\/wp-json\/wp\/v2\/types\/page"}],"author":[{"embeddable":true,"href":"https:\/\/avocatstaicu.ro\/hu\/wp-json\/wp\/v2\/users\/1"}],"replies":[{"embeddable":true,"href":"https:\/\/avocatstaicu.ro\/hu\/wp-json\/wp\/v2\/comments?post=52"}],"version-history":[{"count":1,"href":"https:\/\/avocatstaicu.ro\/hu\/wp-json\/wp\/v2\/pages\/52\/revisions"}],"predecessor-version":[{"id":53,"href":"https:\/\/avocatstaicu.ro\/hu\/wp-json\/wp\/v2\/pages\/52\/revisions\/53"}],"wp:featuredmedia":[{"embeddable":true,"href":"https:\/\/avocatstaicu.ro\/hu\/wp-json\/wp\/v2\/media\/93"}],"wp:attachment":[{"href":"https:\/\/avocatstaicu.ro\/hu\/wp-json\/wp\/v2\/media?parent=52"}],"curies":[{"name":"wp","href":"https:\/\/api.w.org\/{rel}","templated":true}]}}