{"id":56,"date":"2020-04-28T08:30:17","date_gmt":"2020-04-28T08:30:17","guid":{"rendered":"https:\/\/avocatstaicu.ro\/?page_id=56"},"modified":"2020-04-29T09:51:06","modified_gmt":"2020-04-29T09:51:06","slug":"dreptul-societatilor","status":"publish","type":"page","link":"https:\/\/avocatstaicu.ro\/hu\/dreptul-societatilor\/","title":{"rendered":"Dreptul societatilor"},"content":{"rendered":"<p>Oferim consultan\u021b\u0103 \u0219i servicii juridice \u00een toate aspectele importante ale opera\u021biunilor de zi cu zi ale societ\u0103\u0163ilor, inclusiv asisten\u021b\u0103 \u0219i consiliere cu privire la respectarea legii \u00een cadrul reuniunilor organismelor societare \u0219i proceselor decizionale; redactarea documentelor referitoare la organele constitutive sau executive, inclusiv contracte de management.&nbsp;<\/p>\n\n\n\n<p>Oferim asisten\u021b\u0103 \u015fi reprezentare juridic\u0103 \u00een majoritatea aspectelor legate de disputele legate de societate: &nbsp;oferim asisten\u0163\u0103 \u015fi reprezentare \u00een disputele ac\u0163ionarilor, conducerii \u015fi alte tipuri de dispute legate de societate, incluz\u00e2nd litigii, solu\u0163ion\u0103ri.<\/p>\n\n\n\n<p>Serviciile noastre includ: reprezentare \u015fi asisten\u0163\u0103 \u00een cadrul litigiilor specifice dreptului societar &#8211; excluderi, retrageri de asocia\u021bi, atragerea raspunderii administratorului acte de concurenta neloiala, anul\u0103ri de&nbsp; hot\u0103r\u00e2ri AGA, asisten\u0163a \u015fi reprezentarea clientului \u00een cadrul AGA, precum \u0219i furnizarea de servicii de secretariat pentru adun\u0103rile generale ale ac\u021bionarilor.<\/p>","protected":false},"excerpt":{"rendered":"<p>Oferim consultan\u021b\u0103 \u0219i servicii juridice \u00een toate aspectele importante ale opera\u021biunilor de zi cu zi ale societ\u0103\u0163ilor, inclusiv asisten\u021b\u0103 \u0219i consiliere cu privire la respectarea legii \u00een cadrul reuniunilor organismelor societare \u0219i proceselor decizionale; redactarea documentelor referitoare la organele constitutive sau executive, inclusiv contracte de management.&nbsp; Oferim asisten\u021b\u0103 \u015fi reprezentare juridic\u0103 \u00een majoritatea aspectelor legate&hellip;&nbsp;<a href=\"https:\/\/avocatstaicu.ro\/hu\/dreptul-societatilor\/\" class=\"\" rel=\"bookmark\">Read More &raquo;<span class=\"screen-reader-text\">Dreptul societatilor<\/span><\/a><\/p>","protected":false},"author":1,"featured_media":0,"parent":0,"menu_order":0,"comment_status":"closed","ping_status":"closed","template":"","meta":[],"_links":{"self":[{"href":"https:\/\/avocatstaicu.ro\/hu\/wp-json\/wp\/v2\/pages\/56"}],"collection":[{"href":"https:\/\/avocatstaicu.ro\/hu\/wp-json\/wp\/v2\/pages"}],"about":[{"href":"https:\/\/avocatstaicu.ro\/hu\/wp-json\/wp\/v2\/types\/page"}],"author":[{"embeddable":true,"href":"https:\/\/avocatstaicu.ro\/hu\/wp-json\/wp\/v2\/users\/1"}],"replies":[{"embeddable":true,"href":"https:\/\/avocatstaicu.ro\/hu\/wp-json\/wp\/v2\/comments?post=56"}],"version-history":[{"count":2,"href":"https:\/\/avocatstaicu.ro\/hu\/wp-json\/wp\/v2\/pages\/56\/revisions"}],"predecessor-version":[{"id":200,"href":"https:\/\/avocatstaicu.ro\/hu\/wp-json\/wp\/v2\/pages\/56\/revisions\/200"}],"wp:attachment":[{"href":"https:\/\/avocatstaicu.ro\/hu\/wp-json\/wp\/v2\/media?parent=56"}],"curies":[{"name":"wp","href":"https:\/\/api.w.org\/{rel}","templated":true}]}}