{"id":58,"date":"2020-04-28T08:30:49","date_gmt":"2020-04-28T08:30:49","guid":{"rendered":"https:\/\/avocatstaicu.ro\/?page_id=58"},"modified":"2020-04-29T09:51:23","modified_gmt":"2020-04-29T09:51:23","slug":"fuziuni-divizari","status":"publish","type":"page","link":"https:\/\/avocatstaicu.ro\/hu\/fuziuni-divizari\/","title":{"rendered":"Fuziuni\/Divizari"},"content":{"rendered":"<p><strong>Fuziuni \u015fi Diviz\u0103ri<\/strong>&nbsp;\u2013&nbsp;acord\u0103m asisten\u021b\u0103 juridic\u0103 pentru structurarea tranzac\u021biilor complexe de tipul fuziunilor \u0219i diviz\u0103rilor. Opera\u021biunile de fuziune\/divizare sunt reglementate de Legea nr. 31\/1990, \u00eens\u0103 datorit\u0103 gradului de complexitate al acestor este necesar\u0103 \u015fi analiza impactului fiscal.&nbsp;&nbsp;<\/p>\n\n\n\n<p>Serviciile oferite sunt: preg\u0103tire documenta\u021bie aferent\u0103, redactare proiect fuziune\/divizare, redactare hotarare AGA, reprezentare \u00een&nbsp; instan\u0163\u0103.&nbsp;<\/p>","protected":false},"excerpt":{"rendered":"<p>Fuziuni \u015fi Diviz\u0103ri&nbsp;\u2013&nbsp;acord\u0103m asisten\u021b\u0103 juridic\u0103 pentru structurarea tranzac\u021biilor complexe de tipul fuziunilor \u0219i diviz\u0103rilor. Opera\u021biunile de fuziune\/divizare sunt reglementate de Legea nr. 31\/1990, \u00eens\u0103 datorit\u0103 gradului de complexitate al acestor este necesar\u0103 \u015fi analiza impactului fiscal.&nbsp;&nbsp; Serviciile oferite sunt: preg\u0103tire documenta\u021bie aferent\u0103, redactare proiect fuziune\/divizare, redactare hotarare AGA, reprezentare \u00een&nbsp; instan\u0163\u0103.&nbsp;<\/p>","protected":false},"author":1,"featured_media":0,"parent":0,"menu_order":0,"comment_status":"closed","ping_status":"closed","template":"","meta":[],"_links":{"self":[{"href":"https:\/\/avocatstaicu.ro\/hu\/wp-json\/wp\/v2\/pages\/58"}],"collection":[{"href":"https:\/\/avocatstaicu.ro\/hu\/wp-json\/wp\/v2\/pages"}],"about":[{"href":"https:\/\/avocatstaicu.ro\/hu\/wp-json\/wp\/v2\/types\/page"}],"author":[{"embeddable":true,"href":"https:\/\/avocatstaicu.ro\/hu\/wp-json\/wp\/v2\/users\/1"}],"replies":[{"embeddable":true,"href":"https:\/\/avocatstaicu.ro\/hu\/wp-json\/wp\/v2\/comments?post=58"}],"version-history":[{"count":2,"href":"https:\/\/avocatstaicu.ro\/hu\/wp-json\/wp\/v2\/pages\/58\/revisions"}],"predecessor-version":[{"id":201,"href":"https:\/\/avocatstaicu.ro\/hu\/wp-json\/wp\/v2\/pages\/58\/revisions\/201"}],"wp:attachment":[{"href":"https:\/\/avocatstaicu.ro\/hu\/wp-json\/wp\/v2\/media?parent=58"}],"curies":[{"name":"wp","href":"https:\/\/api.w.org\/{rel}","templated":true}]}}