{"id":60,"date":"2020-04-28T08:31:16","date_gmt":"2020-04-28T08:31:16","guid":{"rendered":"https:\/\/avocatstaicu.ro\/?page_id=60"},"modified":"2020-04-29T09:51:34","modified_gmt":"2020-04-29T09:51:34","slug":"achizitii-publice","status":"publish","type":"page","link":"https:\/\/avocatstaicu.ro\/hu\/achizitii-publice\/","title":{"rendered":"Achizitii publice"},"content":{"rendered":"<p>V\u0103 oferim servicii de consultan\u0163\u0103 juridic\u0103 \u00een domeniul achizi\u021biilor publice, at\u00e2t \u00een procedurile amiabile c\u00e2t \u0219i \u00een cadrul celor litigioase aferente contractelor de achizitii publice.&nbsp;<\/p>\n\n\n\n<p>Profesioni\u015ftii no\u015ftri de\u0163in experien\u021ba necesar\u0103 desf\u0103\u0219ur\u0103rii urm\u0103toarelor activitati:<\/p>\n\n\n\n<ul><li>Consultan\u021b\u0103 \u0219i asisten\u021b\u0103 juridic\u0103 la \u00eentocmirea documenta\u021biilor impuse de caietele de sarcini.<\/li><li>Asisten\u021b\u0103 \u0219i reprezentare juridic\u0103 \u00een rela\u021bia cu autoritatea contractant\u0103;<\/li><li>Asisten\u021b\u0103 \u0219i reprezentare juridic\u0103 \u00een rela\u021bia contractantului cu ter\u021bii;<\/li><li>Asisten\u021b\u0103 \u0219i reprezentare juridic\u0103 \u00een negocieri, medieri si litigii promovate pe rolul instan\u021belor sau a organelor de solu\u0163ionare a contesta\u0163iilor.<\/li><li>Consultan\u021b\u0103 \u0219i asisten\u021b\u0103 acordat\u0103 autorit\u0103\u021bilor contractante, pentru atribuirea contractelor de achizi\u021bii publice.<\/li><\/ul>","protected":false},"excerpt":{"rendered":"<p>V\u0103 oferim servicii de consultan\u0163\u0103 juridic\u0103 \u00een domeniul achizi\u021biilor publice, at\u00e2t \u00een procedurile amiabile c\u00e2t \u0219i \u00een cadrul celor litigioase aferente contractelor de achizitii publice.&nbsp; Profesioni\u015ftii no\u015ftri de\u0163in experien\u021ba necesar\u0103 desf\u0103\u0219ur\u0103rii urm\u0103toarelor activitati: Consultan\u021b\u0103 \u0219i asisten\u021b\u0103 juridic\u0103 la \u00eentocmirea documenta\u021biilor impuse de caietele de sarcini. Asisten\u021b\u0103 \u0219i reprezentare juridic\u0103 \u00een rela\u021bia cu autoritatea contractant\u0103; Asisten\u021b\u0103&hellip;&nbsp;<a href=\"https:\/\/avocatstaicu.ro\/hu\/achizitii-publice\/\" class=\"\" rel=\"bookmark\">Read More &raquo;<span class=\"screen-reader-text\">Achizitii publice<\/span><\/a><\/p>","protected":false},"author":1,"featured_media":0,"parent":0,"menu_order":0,"comment_status":"closed","ping_status":"closed","template":"","meta":[],"_links":{"self":[{"href":"https:\/\/avocatstaicu.ro\/hu\/wp-json\/wp\/v2\/pages\/60"}],"collection":[{"href":"https:\/\/avocatstaicu.ro\/hu\/wp-json\/wp\/v2\/pages"}],"about":[{"href":"https:\/\/avocatstaicu.ro\/hu\/wp-json\/wp\/v2\/types\/page"}],"author":[{"embeddable":true,"href":"https:\/\/avocatstaicu.ro\/hu\/wp-json\/wp\/v2\/users\/1"}],"replies":[{"embeddable":true,"href":"https:\/\/avocatstaicu.ro\/hu\/wp-json\/wp\/v2\/comments?post=60"}],"version-history":[{"count":2,"href":"https:\/\/avocatstaicu.ro\/hu\/wp-json\/wp\/v2\/pages\/60\/revisions"}],"predecessor-version":[{"id":202,"href":"https:\/\/avocatstaicu.ro\/hu\/wp-json\/wp\/v2\/pages\/60\/revisions\/202"}],"wp:attachment":[{"href":"https:\/\/avocatstaicu.ro\/hu\/wp-json\/wp\/v2\/media?parent=60"}],"curies":[{"name":"wp","href":"https:\/\/api.w.org\/{rel}","templated":true}]}}