{"id":64,"date":"2020-04-28T08:32:08","date_gmt":"2020-04-28T08:32:08","guid":{"rendered":"https:\/\/avocatstaicu.ro\/?page_id=64"},"modified":"2020-04-29T09:52:11","modified_gmt":"2020-04-29T09:52:11","slug":"dreptul-muncii","status":"publish","type":"page","link":"https:\/\/avocatstaicu.ro\/hu\/dreptul-muncii\/","title":{"rendered":"Dreptul muncii"},"content":{"rendered":"<p>Pentru profesioni\u015ftii no\u015ftri raporturile de munc\u0103 reprezint\u0103 un domeniu de specialitate, serviciile oferite fiind:&nbsp;<\/p>\n\n\n\n<p>\u2013 consultan\u0163\u0103 juridic\u0103 \u015fi reprezentarea clientului \u00een fa\u021ba organelor de control (ITM, Inspec\u0163ia Muncii, AJPIS, AJOFM, Casa de Pensii, etc)<\/p>\n\n\n\n<p>&#8211; consultan\u021b\u0103 juridic\u0103 \u0219i asisten\u021b\u0103 \u00een ceea ce prive\u0219te \u00eentocmirea, modificarea sau \u00eencetarea contractelor de munc\u0103, fisa postului, acte aditionale, documentatia privind incetarea raporturilor de munca, contracte colective de munc\u0103;<\/p>\n\n\n\n<p>&#8211; asisten\u021b\u0103 juridic\u0103 in pregatirea documenta\u021biei specifice rela\u021biilor de munc\u0103: regulamente interne, evaluare angajati, organigrama;<\/p>\n\n\n\n<p>&#8211; consultan\u021b\u0103 juridic\u0103 cu privire la cercetarea disciplinar\u0103 prealabil\u0103;<\/p>\n\n\n\n<p>&#8211; consultan\u021b\u0103 juridic\u0103 la redactarea documentelor de \u00eencetare a raporturilor de munc\u0103 \u0219i parcurgerea etapelor legale ale procedurii de concediere; asistarea administratorilor in cadrul negocierilor cu sindicatele asupra condi\u021biilor concedierii;<\/p>\n\n\n\n<p>&#8211; acordarea de asisten\u0163\u0103 societ\u0103\u0163ilor cu privire la cadrul legal aplicabil contractelor colective de munc\u0103, incluz\u00e2nd redactarea documentelor necesare;<\/p>\n\n\n\n<p>\u2013 asistarea clien\u021bilor (persoane fizice sau juridice) \u00een cadrul negocierilor prealabile si litigiilor cu privire la contractele de munc\u0103 colective \u0219i individuale, precum \u0219i la \u00eencetarea raporturilor de munc\u0103 \u0219i concedieri.<\/p>\n\n\n\n<p>&#8211; redactarea \u015fi sus\u0163inerea ac\u0163iunilor civile sau de dreptul muncii (pl\u00e2ngeri prealabile, drepturi salariale, pensii, notific\u0103ri c\u0103tre angajatori privind restan\u021bele la drepturile salariale, precum \u0219i orice alte nemul\u021bumiri \u00een executarea contractului individual de munc\u0103, etc).<\/p>\n\n\n\n<p><\/p>","protected":false},"excerpt":{"rendered":"<p>Pentru profesioni\u015ftii no\u015ftri raporturile de munc\u0103 reprezint\u0103 un domeniu de specialitate, serviciile oferite fiind:&nbsp; \u2013 consultan\u0163\u0103 juridic\u0103 \u015fi reprezentarea clientului \u00een fa\u021ba organelor de control (ITM, Inspec\u0163ia Muncii, AJPIS, AJOFM, Casa de Pensii, etc) &#8211; consultan\u021b\u0103 juridic\u0103 \u0219i asisten\u021b\u0103 \u00een ceea ce prive\u0219te \u00eentocmirea, modificarea sau \u00eencetarea contractelor de munc\u0103, fisa postului, acte aditionale, documentatia&hellip;&nbsp;<a href=\"https:\/\/avocatstaicu.ro\/hu\/dreptul-muncii\/\" class=\"\" rel=\"bookmark\">Read More &raquo;<span class=\"screen-reader-text\">Dreptul muncii<\/span><\/a><\/p>","protected":false},"author":1,"featured_media":0,"parent":0,"menu_order":0,"comment_status":"closed","ping_status":"closed","template":"","meta":[],"_links":{"self":[{"href":"https:\/\/avocatstaicu.ro\/hu\/wp-json\/wp\/v2\/pages\/64"}],"collection":[{"href":"https:\/\/avocatstaicu.ro\/hu\/wp-json\/wp\/v2\/pages"}],"about":[{"href":"https:\/\/avocatstaicu.ro\/hu\/wp-json\/wp\/v2\/types\/page"}],"author":[{"embeddable":true,"href":"https:\/\/avocatstaicu.ro\/hu\/wp-json\/wp\/v2\/users\/1"}],"replies":[{"embeddable":true,"href":"https:\/\/avocatstaicu.ro\/hu\/wp-json\/wp\/v2\/comments?post=64"}],"version-history":[{"count":2,"href":"https:\/\/avocatstaicu.ro\/hu\/wp-json\/wp\/v2\/pages\/64\/revisions"}],"predecessor-version":[{"id":204,"href":"https:\/\/avocatstaicu.ro\/hu\/wp-json\/wp\/v2\/pages\/64\/revisions\/204"}],"wp:attachment":[{"href":"https:\/\/avocatstaicu.ro\/hu\/wp-json\/wp\/v2\/media?parent=64"}],"curies":[{"name":"wp","href":"https:\/\/api.w.org\/{rel}","templated":true}]}}