{"id":66,"date":"2020-04-28T08:32:34","date_gmt":"2020-04-28T08:32:34","guid":{"rendered":"https:\/\/avocatstaicu.ro\/?page_id=66"},"modified":"2020-04-29T09:52:30","modified_gmt":"2020-04-29T09:52:30","slug":"asistenta-in-cadrul-procedurilor-de-insolventa","status":"publish","type":"page","link":"https:\/\/avocatstaicu.ro\/hu\/asistenta-in-cadrul-procedurilor-de-insolventa\/","title":{"rendered":"Asisten\u0163\u0103 \u00een cadrul procedurilor de insolven\u0163\u0103"},"content":{"rendered":"<p>Echipa noastr\u0103 are o experien\u0163\u0103 vast\u0103 \u00een domeniul insolven\u0163ei persoanelor juridice \u015fi fizice.&nbsp;&nbsp;<\/p>\n\n\n\n<p>Serviciile noastre includ:<\/p>\n\n\n\n<p>&#8211; asisten\u021b\u0103 pentru recuperarea crean\u0163elor;&nbsp;<\/p>\n\n\n\n<p>&#8211; consultan\u0163\u0103 juridic\u0103 specific\u0103 procedurii insolven\u0163ei;<\/p>\n\n\n\n<p>&#8211; asisten\u021b\u0103 \u0219i reprezentare \u00een cadrul procedurilor de insolven\u021b\u0103, analiza planurilor de reorganizare din perspectiv\u0103 juridic\u0103;<\/p>\n\n\n\n<p>&#8211; redactare, asisten\u0163\u0103 \u015fi reprezentarea clien\u0163ilor \u00een formularea ac\u0163iunilor specifice procedurii insolven\u0163ei: cerere de deschidere a procedurii, cerere de antrenare a r\u0103spunderii, cereri de admitere \u00een tabelul de crean\u021be, contesta\u0163ii tabel de crean\u0163e, cerere de ridicare a suspend\u0103rii ac\u0163iunilor judiciare, cerere ridicare drept de administrare, ac\u0163iuni \u00een anularea actelor frauduloase\/transferurilor patrimoniale, anulare hot\u0103r\u00e2re AGC, contesta\u0163ie \u00eempotriva m\u0103surilor administratorului (lichidatorului) judiciar, cerere de plat\u0103, cerere de deschidere a procedurii de faliment, contestatie la procedura de valorificare a activelor, apel \u00eempotriva hot\u0103r\u00e2rilor judec\u0103torului-sindic.<\/p>","protected":false},"excerpt":{"rendered":"<p>Echipa noastr\u0103 are o experien\u0163\u0103 vast\u0103 \u00een domeniul insolven\u0163ei persoanelor juridice \u015fi fizice.&nbsp;&nbsp; Serviciile noastre includ: &#8211; asisten\u021b\u0103 pentru recuperarea crean\u0163elor;&nbsp; &#8211; consultan\u0163\u0103 juridic\u0103 specific\u0103 procedurii insolven\u0163ei; &#8211; asisten\u021b\u0103 \u0219i reprezentare \u00een cadrul procedurilor de insolven\u021b\u0103, analiza planurilor de reorganizare din perspectiv\u0103 juridic\u0103; &#8211; redactare, asisten\u0163\u0103 \u015fi reprezentarea clien\u0163ilor \u00een formularea ac\u0163iunilor specifice procedurii insolven\u0163ei:&hellip;&nbsp;<a href=\"https:\/\/avocatstaicu.ro\/hu\/asistenta-in-cadrul-procedurilor-de-insolventa\/\" class=\"\" rel=\"bookmark\">Read More &raquo;<span class=\"screen-reader-text\">Asisten\u0163\u0103 \u00een cadrul procedurilor de insolven\u0163\u0103<\/span><\/a><\/p>","protected":false},"author":1,"featured_media":0,"parent":0,"menu_order":0,"comment_status":"closed","ping_status":"closed","template":"","meta":[],"_links":{"self":[{"href":"https:\/\/avocatstaicu.ro\/hu\/wp-json\/wp\/v2\/pages\/66"}],"collection":[{"href":"https:\/\/avocatstaicu.ro\/hu\/wp-json\/wp\/v2\/pages"}],"about":[{"href":"https:\/\/avocatstaicu.ro\/hu\/wp-json\/wp\/v2\/types\/page"}],"author":[{"embeddable":true,"href":"https:\/\/avocatstaicu.ro\/hu\/wp-json\/wp\/v2\/users\/1"}],"replies":[{"embeddable":true,"href":"https:\/\/avocatstaicu.ro\/hu\/wp-json\/wp\/v2\/comments?post=66"}],"version-history":[{"count":2,"href":"https:\/\/avocatstaicu.ro\/hu\/wp-json\/wp\/v2\/pages\/66\/revisions"}],"predecessor-version":[{"id":205,"href":"https:\/\/avocatstaicu.ro\/hu\/wp-json\/wp\/v2\/pages\/66\/revisions\/205"}],"wp:attachment":[{"href":"https:\/\/avocatstaicu.ro\/hu\/wp-json\/wp\/v2\/media?parent=66"}],"curies":[{"name":"wp","href":"https:\/\/api.w.org\/{rel}","templated":true}]}}