{"id":8,"date":"2020-04-28T07:38:09","date_gmt":"2020-04-28T07:38:09","guid":{"rendered":"https:\/\/avocatstaicu.ro\/?page_id=8"},"modified":"2020-05-26T19:46:55","modified_gmt":"2020-05-26T19:46:55","slug":"home","status":"publish","type":"page","link":"https:\/\/avocatstaicu.ro\/hu\/","title":{"rendered":"Despre"},"content":{"rendered":"<p>Ca urmare a complexelor situa\u0163ii \u00eent\u00e2lnite \u00een practica comercial\u0103 uzual\u0103 a clien\u0163ilor no\u015ftri (persoane juridice din \u021bar\u0103 \u015fi str\u0103in\u0103tate), echipa noastr\u0103 a dob\u00e2ndit experien\u0163a necesar\u0103 \u015fi are capacitatea de a r\u0103spunde prompt \u015fi justificat de fiecare dat\u0103 solicit\u0103rilor primite din partea mediului de afaceri. Expertiza noastr\u0103 acoper\u0103 o domenii diversificate din aria dreptului civil rom\u00e2n, \u00een special a litigiilor \u00eentre profesioni\u015fti, dreptului interna\u0163ional privat, contracte, contencios administrativ, achizi\u0163ii publice, drept societar, dreptul muncii, insolven\u0163\u0103, drept fiscal.<\/p>\n\n\n\n<p>Viteza cu care se schimb\u0103 peisajul afacerilor ne determin\u0103 ca \u00een acela\u015fi ritm s\u0103 ne adapt\u0103m continuu nevoilor clien\u0163ilor no\u015ftri, un scop \u00een sine pentru echipa noastr\u0103 fiind preg\u0103tirea profesional\u0103 continu\u0103 care s\u0103 fie suportul necesar pentru men\u0163inerea standardelor de calitate \u015fi a timpilor de reac\u0163ie a muncii noastre cu care v-am obi\u015fnuit.<\/p>\n\n\n\n<p><strong>Cum reu\u015fim?<\/strong><\/p>\n\n\n\n<p>Echipa pluridisciplinar\u0103 este secretul nostru, aceasta reune\u0219te speciali\u015fti cu experien\u0163\u0103 \u00een drept civil, comercial, administrativ, fiscal \u0219i insolven\u021b\u0103.&nbsp;<\/p>\n\n\n\n<p>Profesioni\u0219tii no\u0219tri sunt membri ai principalelor organisme profesionale din Rom\u00e2nia: <strong>UNBR<\/strong> (Uniunea Na\u021bional\u0103 a Barourilor din Rom\u00e2nia), <strong>CCF<\/strong> (Camera Consultan\u0163ilor Fiscali), <strong>CCJ<\/strong> (Colegiul Consilierilor Juridici) \u015fi <strong>UNPIR<\/strong> (Uniunea Na\u021bional\u0103 a Practicienilor \u00een Insolven\u021b\u0103 din Rom\u00e2nia).&nbsp;<\/p>\n\n\n\n<p>Profesioni\u015ftii no\u015ftri acord\u0103 zilnic aten\u0163ie, servicii \u015fi performan\u021b\u0103 maxim\u0103. Suntem al\u0103turi de ei \u00een dezvoltarea lor continu\u0103, oferindu-le oportunit\u0103\u021bi de avansare \u00een carier\u0103 \u0219i dezvoltare profesional\u0103 continu\u0103 prin traininguri, particip\u0103ri la conferin\u0163e \u015fi simpozioane. Prin preg\u0103tire profesional\u0103 continu\u0103, aplicarea de proceduri interne care s\u0103 asigure consecven\u021b\u0103 \u00een abordare \u0219i eliminarea erorilor, prin focusarea pe crearea unei culturi de lucru \u00een care stimul\u0103m responsabilitatea, ob\u0163inem o aten\u021bie \u0219i reactivitatea fa\u021b\u0103 de client care astfel beneficiaz\u0103 de rezultatele dorite \u00eentr-un timp scurt.<\/p>\n\n\n\n<p>Prin munca echipei noastre am ob\u0163inut deseori, rezultate pozitive care au fost r\u0103spl\u0103tite prin crearea de parteneriate de lung\u0103 durat\u0103 cu clien\u0163ii no\u015ftri. \u00cencrederea acordat\u0103 de c\u0103tre companii ce se bucur\u0103 de o bun\u0103 reputa\u021bie na\u0163ional\u0103\/interna\u021bional\u0103 arat\u0103 calitatea serviciilor oferite \u015fi gradul de implicare al echipei noastre.&nbsp;<\/p>\n\n\n\n<p>Modul \u00een care rela\u021bion\u0103m dep\u0103\u015fe\u015fte limitele formalismului obi\u015fnuit avocat-client, suntem integra\u0163i zi de zi \u00een via\u0163a partenerilor no\u015ftri, ace\u015ftia apreciind implicarea noastr\u0103, fidelitatea \u015fi profesionalismul de care d\u0103m dovad\u0103.&nbsp;&nbsp;&nbsp;&nbsp;<\/p>\n\n\n\n<p><\/p>","protected":false},"excerpt":{"rendered":"<p>Ca urmare a complexelor situa\u0163ii \u00eent\u00e2lnite \u00een practica comercial\u0103 uzual\u0103 a clien\u0163ilor no\u015ftri (persoane juridice din \u021bar\u0103 \u015fi str\u0103in\u0103tate), echipa noastr\u0103 a dob\u00e2ndit experien\u0163a necesar\u0103 \u015fi are capacitatea de a r\u0103spunde prompt \u015fi justificat de fiecare dat\u0103 solicit\u0103rilor primite din partea mediului de afaceri. Expertiza noastr\u0103 acoper\u0103 o domenii diversificate din aria dreptului civil rom\u00e2n,&hellip;&nbsp;<a href=\"https:\/\/avocatstaicu.ro\/hu\/\" class=\"\" rel=\"bookmark\">Read More &raquo;<span class=\"screen-reader-text\">Despre<\/span><\/a><\/p>","protected":false},"author":1,"featured_media":93,"parent":0,"menu_order":0,"comment_status":"closed","ping_status":"closed","template":"","meta":[],"_links":{"self":[{"href":"https:\/\/avocatstaicu.ro\/hu\/wp-json\/wp\/v2\/pages\/8"}],"collection":[{"href":"https:\/\/avocatstaicu.ro\/hu\/wp-json\/wp\/v2\/pages"}],"about":[{"href":"https:\/\/avocatstaicu.ro\/hu\/wp-json\/wp\/v2\/types\/page"}],"author":[{"embeddable":true,"href":"https:\/\/avocatstaicu.ro\/hu\/wp-json\/wp\/v2\/users\/1"}],"replies":[{"embeddable":true,"href":"https:\/\/avocatstaicu.ro\/hu\/wp-json\/wp\/v2\/comments?post=8"}],"version-history":[{"count":2,"href":"https:\/\/avocatstaicu.ro\/hu\/wp-json\/wp\/v2\/pages\/8\/revisions"}],"predecessor-version":[{"id":44,"href":"https:\/\/avocatstaicu.ro\/hu\/wp-json\/wp\/v2\/pages\/8\/revisions\/44"}],"wp:featuredmedia":[{"embeddable":true,"href":"https:\/\/avocatstaicu.ro\/hu\/wp-json\/wp\/v2\/media\/93"}],"wp:attachment":[{"href":"https:\/\/avocatstaicu.ro\/hu\/wp-json\/wp\/v2\/media?parent=8"}],"curies":[{"name":"wp","href":"https:\/\/api.w.org\/{rel}","templated":true}]}}